{"id":733,"date":"2017-02-13T01:44:48","date_gmt":"2017-02-13T01:44:48","guid":{"rendered":"http:\/\/www.bioanalisis.cl\/?page_id=733"},"modified":"2025-12-16T20:13:42","modified_gmt":"2025-12-16T20:13:42","slug":"servicios-veterinarios","status":"publish","type":"page","link":"https:\/\/www.bioanalisis.cl\/?page_id=733","title":{"rendered":"Servicios Veterinarios"},"content":{"rendered":"\t\t<div data-elementor-type=\"wp-page\" data-elementor-id=\"733\" class=\"elementor elementor-733\">\n\t\t\t\t<div class=\"elementor-element elementor-element-23b8b7c e-flex e-con-boxed e-con e-parent\" data-id=\"23b8b7c\" data-element_type=\"container\" data-e-type=\"container\">\n\t\t\t\t\t<div class=\"e-con-inner\">\n\t\t<div class=\"elementor-element elementor-element-38e2f2e e-con-full e-flex e-con e-child\" data-id=\"38e2f2e\" data-element_type=\"container\" data-e-type=\"container\">\n\t\t\t\t<div class=\"elementor-element elementor-element-ecddb51 elementor-widget elementor-widget-text-editor\" data-id=\"ecddb51\" data-element_type=\"widget\" data-e-type=\"widget\" data-widget_type=\"text-editor.default\">\n\t\t\t\t\t\t\t\t\t<p><strong>LABORATORIO BIOAN\u00c1LISIS SPA. <\/strong>, ofrece servicios orientados a mejorar la productividad de las empresas agropecuarias.<\/p><p><strong>ENTRE LOS SERVICIOS QUE SE OFRECEN SE DESTACAN:<\/strong><\/p><ul><li><strong>ASESOR\u00cdA T\u00c9CNICA EN PRODUCCI\u00d3N BOVINA:<\/strong><\/li><\/ul><p>Nutrici\u00f3n y Alimentaci\u00f3n en Producci\u00f3n Bovina.<\/p><p>Programa de Erradicaci\u00f3n de Brucelosis Bovina, Tuberculosis Bovina , Leucosis Bovina y Paratuberculoisis Bovina.<\/p><p>Programa de Sanidad Animal.<\/p><ul><li><strong>IMPLEMENTACI\u00d3N DE PABCO A BOVINO.<\/strong><\/li><\/ul><p>Asesor\u00eda integral en reproducci\u00f3n animal.<\/p><p>Diagn\u00f3stico de Gestaci\u00f3n con uso de Ecograf\u00eda .<\/p><p>Certificaci\u00f3n reproductiva para la comercializaci\u00f3n de reproductores.<\/p><ul><li><strong>IMPLEMENTACI\u00d3N DE PABCO A BOVINO.<\/strong><\/li><\/ul><p>Sistema de Trazabilidad.<\/p><p>Implementaci\u00f3n de registros de PABCO, capacitaci\u00f3n y control\u00a0 de documentos.<\/p><ul><li><strong>PROGRAMA DE MEJORAMIENTO DE CALIDAD DE LECHE<\/strong><\/li><\/ul><p>Evaluaci\u00f3n y asesor\u00eda para el mejoramiento de rutina de orde\u00f1a.<\/p><p>Cultivo de leche con antibiograma (lactancia y secado).<\/p><p>Capacitaci\u00f3n de personal sobre salud mamaria.<\/p><p>An\u00e1lisis Microbiol\u00f3gicos para Aguas.<\/p><p>Control de Calidad F\u00edsico- Qu\u00edmico y Organol\u00e9ptico para Aguas.<\/p><p>Servicio de Toma de Muestras<\/p>\t\t\t\t\t\t\t\t<\/div>\n\t\t\t\t<\/div>\n\t\t<div class=\"elementor-element elementor-element-4607e0b e-con-full e-flex e-con e-child\" data-id=\"4607e0b\" data-element_type=\"container\" data-e-type=\"container\">\n\t\t<div class=\"elementor-element elementor-element-6fe6ae2 e-con-full e-flex e-con e-child\" data-id=\"6fe6ae2\" data-element_type=\"container\" data-e-type=\"container\">\n\t\t\t\t<div class=\"elementor-element elementor-element-3abe7f2 elementor-widget elementor-widget-image\" data-id=\"3abe7f2\" data-element_type=\"widget\" data-e-type=\"widget\" data-widget_type=\"image.default\">\n\t\t\t\t\t\t\t\t\t\t\t\t\t\t\t<img fetchpriority=\"high\" decoding=\"async\" width=\"900\" height=\"675\" src=\"https:\/\/www.bioanalisis.cl\/wp-content\/uploads\/2017\/07\/IMG_2733-1024x768.jpg\" class=\"attachment-large size-large wp-image-978\" alt=\"\" srcset=\"https:\/\/www.bioanalisis.cl\/wp-content\/uploads\/2017\/07\/IMG_2733-1024x768.jpg 1024w, https:\/\/www.bioanalisis.cl\/wp-content\/uploads\/2017\/07\/IMG_2733-300x225.jpg 300w, https:\/\/www.bioanalisis.cl\/wp-content\/uploads\/2017\/07\/IMG_2733-768x576.jpg 768w, https:\/\/www.bioanalisis.cl\/wp-content\/uploads\/2017\/07\/IMG_2733.jpg 1200w\" sizes=\"(max-width: 900px) 100vw, 900px\" \/>\t\t\t\t\t\t\t\t\t\t\t\t\t\t\t<\/div>\n\t\t\t\t<\/div>\n\t\t<div class=\"elementor-element elementor-element-1b74786 e-con-full e-flex e-con e-child\" data-id=\"1b74786\" data-element_type=\"container\" data-e-type=\"container\">\n\t\t\t\t<div class=\"elementor-element elementor-element-2d40871 elementor-widget elementor-widget-image\" data-id=\"2d40871\" data-element_type=\"widget\" data-e-type=\"widget\" data-widget_type=\"image.default\">\n\t\t\t\t\t\t\t\t\t\t\t\t\t\t\t<img decoding=\"async\" width=\"900\" height=\"542\" src=\"https:\/\/www.bioanalisis.cl\/wp-content\/uploads\/2017\/07\/IMG_2796-2-1024x617.jpg\" class=\"attachment-large size-large wp-image-981\" alt=\"\" srcset=\"https:\/\/www.bioanalisis.cl\/wp-content\/uploads\/2017\/07\/IMG_2796-2-1024x617.jpg 1024w, https:\/\/www.bioanalisis.cl\/wp-content\/uploads\/2017\/07\/IMG_2796-2-300x181.jpg 300w, https:\/\/www.bioanalisis.cl\/wp-content\/uploads\/2017\/07\/IMG_2796-2-768x463.jpg 768w, https:\/\/www.bioanalisis.cl\/wp-content\/uploads\/2017\/07\/IMG_2796-2.jpg 1200w\" sizes=\"(max-width: 900px) 100vw, 900px\" \/>\t\t\t\t\t\t\t\t\t\t\t\t\t\t\t<\/div>\n\t\t\t\t<\/div>\n\t\t\t\t<\/div>\n\t\t\t\t\t<\/div>\n\t\t\t\t<\/div>\n\t\t<div class=\"elementor-element elementor-element-18c3f78 e-grid e-con-boxed e-con e-parent\" data-id=\"18c3f78\" data-element_type=\"container\" data-e-type=\"container\">\n\t\t\t\t\t<div class=\"e-con-inner\">\n\t\t\t\t<div class=\"elementor-element elementor-element-b3e2499 elementor-widget elementor-widget-image\" data-id=\"b3e2499\" data-element_type=\"widget\" data-e-type=\"widget\" data-widget_type=\"image.default\">\n\t\t\t\t\t\t\t\t\t\t\t\t\t\t\t<img decoding=\"async\" width=\"900\" height=\"511\" src=\"https:\/\/www.bioanalisis.cl\/wp-content\/uploads\/2017\/07\/banner3-1024x581.jpg\" class=\"attachment-large size-large wp-image-987\" alt=\"\" srcset=\"https:\/\/www.bioanalisis.cl\/wp-content\/uploads\/2017\/07\/banner3-1024x581.jpg 1024w, https:\/\/www.bioanalisis.cl\/wp-content\/uploads\/2017\/07\/banner3-300x170.jpg 300w, https:\/\/www.bioanalisis.cl\/wp-content\/uploads\/2017\/07\/banner3-768x436.jpg 768w, https:\/\/www.bioanalisis.cl\/wp-content\/uploads\/2017\/07\/banner3.jpg 1920w\" sizes=\"(max-width: 900px) 100vw, 900px\" \/>\t\t\t\t\t\t\t\t\t\t\t\t\t\t\t<\/div>\n\t\t\t\t\t<\/div>\n\t\t\t\t<\/div>\n\t\t\t\t<\/div>\n\t\t","protected":false},"excerpt":{"rendered":"<p>LABORATORIO BIOAN\u00c1LISIS SPA. , ofrece servicios orientados a mejorar la productividad de las empresas agropecuarias. ENTRE LOS SERVICIOS QUE SE OFRECEN SE DESTACAN: ASESOR\u00cdA T\u00c9CNICA EN PRODUCCI\u00d3N BOVINA: Nutrici\u00f3n y Alimentaci\u00f3n en Producci\u00f3n Bovina. Programa de Erradicaci\u00f3n de Brucelosis Bovina, Tuberculosis Bovina , Leucosis Bovina y Paratuberculoisis Bovina. Programa de&#8230;<\/p>\n<p> <a class=\"continue-reading-link\" href=\"https:\/\/www.bioanalisis.cl\/?page_id=733\"><span>Continue reading<\/span><i class=\"crycon-right-dir\"><\/i><\/a> <\/p>\n","protected":false},"author":1,"featured_media":0,"parent":0,"menu_order":0,"comment_status":"closed","ping_status":"closed","template":"","meta":{"footnotes":""},"class_list":["post-733","page","type-page","status-publish","hentry"],"_links":{"self":[{"href":"https:\/\/www.bioanalisis.cl\/index.php?rest_route=\/wp\/v2\/pages\/733","targetHints":{"allow":["GET"]}}],"collection":[{"href":"https:\/\/www.bioanalisis.cl\/index.php?rest_route=\/wp\/v2\/pages"}],"about":[{"href":"https:\/\/www.bioanalisis.cl\/index.php?rest_route=\/wp\/v2\/types\/page"}],"author":[{"embeddable":true,"href":"https:\/\/www.bioanalisis.cl\/index.php?rest_route=\/wp\/v2\/users\/1"}],"replies":[{"embeddable":true,"href":"https:\/\/www.bioanalisis.cl\/index.php?rest_route=%2Fwp%2Fv2%2Fcomments&post=733"}],"version-history":[{"count":7,"href":"https:\/\/www.bioanalisis.cl\/index.php?rest_route=\/wp\/v2\/pages\/733\/revisions"}],"predecessor-version":[{"id":1082,"href":"https:\/\/www.bioanalisis.cl\/index.php?rest_route=\/wp\/v2\/pages\/733\/revisions\/1082"}],"wp:attachment":[{"href":"https:\/\/www.bioanalisis.cl\/index.php?rest_route=%2Fwp%2Fv2%2Fmedia&parent=733"}],"curies":[{"name":"wp","href":"https:\/\/api.w.org\/{rel}","templated":true}]}}