{"id":955,"date":"2017-02-08T18:32:40","date_gmt":"2017-02-08T18:32:40","guid":{"rendered":"http:\/\/www.bioanalisis.cl\/?page_id=2"},"modified":"2025-12-16T19:52:54","modified_gmt":"2025-12-16T19:52:54","slug":"laboratorio-clinico-veterinario","status":"publish","type":"page","link":"https:\/\/www.bioanalisis.cl\/?page_id=955","title":{"rendered":"Laboratorio Cl\u00ednico Veterinario"},"content":{"rendered":"\t\t<div data-elementor-type=\"wp-page\" data-elementor-id=\"955\" class=\"elementor elementor-955\">\n\t\t\t\t<div class=\"elementor-element elementor-element-e5b64b8 e-grid e-con-boxed e-con e-parent\" data-id=\"e5b64b8\" data-element_type=\"container\" data-e-type=\"container\">\n\t\t\t\t\t<div class=\"e-con-inner\">\n\t\t\t\t<div class=\"elementor-element elementor-element-8405896 elementor-widget elementor-widget-text-editor\" data-id=\"8405896\" data-element_type=\"widget\" data-e-type=\"widget\" data-widget_type=\"text-editor.default\">\n\t\t\t\t\t\t\t\t\t<p><strong>LABORATORIO BIOAN\u00c1LISIS SPA. <\/strong>, cuenta con un Laboratorio Cl\u00ednico Veterinario orientado a las necesidades de la producci\u00f3n\u00a0 Bovina de Leche y Carne, realizamos ex\u00e1menes en las \u00e1reas de Bioqu\u00edmica, Serolog\u00eda, Parasitolog\u00eda y Hematolog\u00eda:<\/p><p><strong>ENTRE LOS SERVICIOS QUE SE OFRECEN SE DESTACAN:<\/strong><\/p><ul><li><strong>SEROLOG\u00cdA:<\/strong><\/li><\/ul><p>Brucelosis Bovina (Rosa Bengala), Brucelosis Ovina (Elisa), Leucosis Bovina (IDA y Elisa), Tuberculosis Bovina (Elisa y Bovigan), Paratuberculosis (Elisa), IBR\/DVB (Elisa), Neospora (Elisa).<\/p><ul><li><strong>BACTERIOLOG\u00cdA:<\/strong><\/li><\/ul><p>Cultivo de Leche o secreciones, Cultivo Staphylococcus aureus, Cultivo m\u00e1s antibiograma (Lactancia o secado).<\/p><ul><li><strong>BIOQU\u00cdMICA:<\/strong><\/li><\/ul><p>Perfil Metab\u00f3lico (B-OH Butirato, Colesterol, Urea, Prote\u00edna, Alb\u00famina, Globulina, Hemoglobina,\u00a0 Enzimas AST, GSH, GGT, Minerales Calcio, Magnesio,. F\u00f3sforo, Cobre, Zinc, Sodio, Potasio .<\/p><ul><li><strong>HEMATOLOG\u00cdA:<\/strong><\/li><\/ul><p>Hemograma, Hematocrito, Hemoglobina.<\/p><ul><li><strong>PARASITOLOG\u00cdA:<\/strong><\/li><\/ul><p>T\u00e9cnica Sedimentaci\u00f3n Flotaci\u00f3n, Ectopar\u00e1sitos, Triquinosis.<\/p><ul><li><strong>F\u00cdSICO \u2013 QU\u00cdMICO DE AGUA PARA PABCO\u00a0 BOVINO:<\/strong><\/li><\/ul>\t\t\t\t\t\t\t\t<\/div>\n\t\t<div class=\"elementor-element elementor-element-1673eb8 e-grid e-con-full e-con e-child\" data-id=\"1673eb8\" data-element_type=\"container\" data-e-type=\"container\">\n\t\t\t\t<div class=\"elementor-element elementor-element-64fc2df elementor-widget elementor-widget-image\" data-id=\"64fc2df\" data-element_type=\"widget\" data-e-type=\"widget\" data-widget_type=\"image.default\">\n\t\t\t\t\t\t\t\t\t\t\t\t\t\t\t<img fetchpriority=\"high\" decoding=\"async\" width=\"900\" height=\"675\" src=\"https:\/\/www.bioanalisis.cl\/wp-content\/uploads\/2017\/07\/Bicentenario-Pto-Varas-007-1024x768.jpg\" class=\"attachment-large size-large wp-image-970\" alt=\"\" srcset=\"https:\/\/www.bioanalisis.cl\/wp-content\/uploads\/2017\/07\/Bicentenario-Pto-Varas-007-1024x768.jpg 1024w, https:\/\/www.bioanalisis.cl\/wp-content\/uploads\/2017\/07\/Bicentenario-Pto-Varas-007-300x225.jpg 300w, https:\/\/www.bioanalisis.cl\/wp-content\/uploads\/2017\/07\/Bicentenario-Pto-Varas-007-768x576.jpg 768w\" sizes=\"(max-width: 900px) 100vw, 900px\" \/>\t\t\t\t\t\t\t\t\t\t\t\t\t\t\t<\/div>\n\t\t\t\t<div class=\"elementor-element elementor-element-50a74aa elementor-widget elementor-widget-image\" data-id=\"50a74aa\" data-element_type=\"widget\" data-e-type=\"widget\" data-widget_type=\"image.default\">\n\t\t\t\t\t\t\t\t\t\t\t\t\t\t\t<img decoding=\"async\" width=\"900\" height=\"675\" src=\"https:\/\/www.bioanalisis.cl\/wp-content\/uploads\/2017\/07\/DSCN8535-1024x768.jpg\" class=\"attachment-large size-large wp-image-971\" alt=\"\" srcset=\"https:\/\/www.bioanalisis.cl\/wp-content\/uploads\/2017\/07\/DSCN8535-1024x768.jpg 1024w, https:\/\/www.bioanalisis.cl\/wp-content\/uploads\/2017\/07\/DSCN8535-300x225.jpg 300w, https:\/\/www.bioanalisis.cl\/wp-content\/uploads\/2017\/07\/DSCN8535-768x576.jpg 768w, https:\/\/www.bioanalisis.cl\/wp-content\/uploads\/2017\/07\/DSCN8535.jpg 1200w\" sizes=\"(max-width: 900px) 100vw, 900px\" \/>\t\t\t\t\t\t\t\t\t\t\t\t\t\t\t<\/div>\n\t\t\t\t<\/div>\n\t\t\t\t\t<\/div>\n\t\t\t\t<\/div>\n\t\t<div class=\"elementor-element elementor-element-5e28c5b7 e-flex e-con-boxed e-con e-parent\" data-id=\"5e28c5b7\" data-element_type=\"container\" data-e-type=\"container\">\n\t\t\t\t\t<div class=\"e-con-inner\">\n\t\t\t\t<div class=\"elementor-element elementor-element-67a2d443 elementor-widget elementor-widget-text-editor\" data-id=\"67a2d443\" data-element_type=\"widget\" data-e-type=\"widget\" data-widget_type=\"text-editor.default\">\n\t\t\t\t\t\t\t\t\t<ul><li>\u00a0<\/li><\/ul><p><img decoding=\"async\" class=\"aligncenter size-full wp-image-922\" src=\"https:\/\/www.bioanalisis.cl\/wp-content\/uploads\/2017\/02\/2-diptico-VETERINARIA-02-2-1.jpg\" alt=\"\" width=\"704\" height=\"1014\" \/><br \/><img loading=\"lazy\" decoding=\"async\" class=\"aligncenter size-full wp-image-926\" src=\"https:\/\/www.bioanalisis.cl\/wp-content\/uploads\/2017\/02\/2-diptico-VETERINARIA-02-3.jpg\" alt=\"\" width=\"758\" height=\"923\" \/><\/p>\t\t\t\t\t\t\t\t<\/div>\n\t\t\t\t\t<\/div>\n\t\t\t\t<\/div>\n\t\t\t\t<\/div>\n\t\t","protected":false},"excerpt":{"rendered":"<p>LABORATORIO BIOAN\u00c1LISIS SPA. , cuenta con un Laboratorio Cl\u00ednico Veterinario orientado a las necesidades de la producci\u00f3n\u00a0 Bovina de Leche y Carne, realizamos ex\u00e1menes en las \u00e1reas de Bioqu\u00edmica, Serolog\u00eda, Parasitolog\u00eda y Hematolog\u00eda: ENTRE LOS SERVICIOS QUE SE OFRECEN SE DESTACAN: SEROLOG\u00cdA: Brucelosis Bovina (Rosa Bengala), Brucelosis Ovina (Elisa), Leucosis&#8230;<\/p>\n<p> <a class=\"continue-reading-link\" href=\"https:\/\/www.bioanalisis.cl\/?page_id=955\"><span>Continue reading<\/span><i class=\"crycon-right-dir\"><\/i><\/a> <\/p>\n","protected":false},"author":1,"featured_media":0,"parent":0,"menu_order":0,"comment_status":"closed","ping_status":"open","template":"","meta":{"footnotes":""},"class_list":["post-955","page","type-page","status-publish","hentry"],"_links":{"self":[{"href":"https:\/\/www.bioanalisis.cl\/index.php?rest_route=\/wp\/v2\/pages\/955","targetHints":{"allow":["GET"]}}],"collection":[{"href":"https:\/\/www.bioanalisis.cl\/index.php?rest_route=\/wp\/v2\/pages"}],"about":[{"href":"https:\/\/www.bioanalisis.cl\/index.php?rest_route=\/wp\/v2\/types\/page"}],"author":[{"embeddable":true,"href":"https:\/\/www.bioanalisis.cl\/index.php?rest_route=\/wp\/v2\/users\/1"}],"replies":[{"embeddable":true,"href":"https:\/\/www.bioanalisis.cl\/index.php?rest_route=%2Fwp%2Fv2%2Fcomments&post=955"}],"version-history":[{"count":10,"href":"https:\/\/www.bioanalisis.cl\/index.php?rest_route=\/wp\/v2\/pages\/955\/revisions"}],"predecessor-version":[{"id":1075,"href":"https:\/\/www.bioanalisis.cl\/index.php?rest_route=\/wp\/v2\/pages\/955\/revisions\/1075"}],"wp:attachment":[{"href":"https:\/\/www.bioanalisis.cl\/index.php?rest_route=%2Fwp%2Fv2%2Fmedia&parent=955"}],"curies":[{"name":"wp","href":"https:\/\/api.w.org\/{rel}","templated":true}]}}